{"id":294,"date":"2021-03-09T17:33:36","date_gmt":"2021-03-09T16:33:36","guid":{"rendered":"https:\/\/shop.qualo.info\/politica-de-cookies\/"},"modified":"2021-03-09T17:33:36","modified_gmt":"2021-03-09T16:33:36","slug":"politica-de-cookies","status":"publish","type":"page","link":"https:\/\/shop.qualo.info\/en\/politica-de-cookies\/","title":{"rendered":"Pol\u00edtica de cookies"},"content":{"rendered":"&#13;\n<h1 class=\"wp-block-heading\">Pol\u00edtica de Cookies<\/h1>&#13;\n<p><strong>INFORMACI\u00d3N SOBRE\u00a0<em>COOKIES<\/em><\/strong><\/p>&#13;\n<p>Debido a la entrada en vigor de la referente modificaci\u00f3n de la \u201cLey de Servicios de la Sociedad de la Informaci\u00f3n\u201d (LSSICE) establecida por el Real Decreto 13\/2012, es de obligaci\u00f3n obtener el consentimiento \u00a0expreso del usuario de todas las p\u00e1ginas web que usan\u00a0<em>cookies\u00a0<\/em>prescindibles, antes de que \u00e9ste navegue por ellas.<\/p>&#13;\n<p><strong>\u00bfQU\u00c9 SON LAS\u00a0<em>COOKIES<\/em>?<\/strong><\/p>&#13;\n<p>Las\u00a0<em>cookies\u00a0<\/em>y otras tecnolog\u00edas similares tales como local shared objects, flash\u00a0<em>cookies\u00a0<\/em>o p\u00edxeles, son herramientas empleadas por los servidores Web para almacenar y recuperar informaci\u00f3n acerca de sus visitantes, as\u00ed como para ofrecer un correcto funcionamiento del sitio.<\/p>&#13;\n<p>Mediante el uso de estos dispositivos se permite al servidor Web recordar algunos datos concernientes al usuario, como sus preferencias \u00a0para la visualizaci\u00f3n \u00a0de las p\u00e1ginas de ese servidor, nombre y contrase\u00f1a, \u00a0productos \u00a0que m\u00e1s le interesan, etc.<\/p>&#13;\n<p><strong><em>COOKIES\u00a0<\/em><\/strong><strong>AFECTADAS POR LA NORMATIVA Y\u00a0<em>COOKIES\u00a0<\/em>EXCEPTUADAS<\/strong><\/p>&#13;\n<p>Seg\u00fan la directiva de la UE, las\u00a0<em>cookies\u00a0<\/em>que requieren el consentimiento informado por parte del usuario son las\u00a0<em>cookies\u00a0<\/em>de anal\u00edtica y las de publicidad y afiliaci\u00f3n, quedando exceptuadas las de car\u00e1cter t\u00e9cnico y las necesarias para el funcionamiento del sitio web o la prestaci\u00f3n de servicios expresamente solicitados por el usuario.<\/p>&#13;\n<p><strong>\u00bfQU\u00c9 TIPOS DE\u00a0<em>COOKIES\u00a0<\/em>EXISTEN?<\/strong><\/p>&#13;\n<p>Sobre los tipos de cookies, existen cinco grandes grupos:<\/p>&#13;\n<ul><li><em>Cookies\u00a0<\/em>anal\u00edticas: recogen informaci\u00f3n del uso que se realiza del sitio web.<\/li>&#13;\n<li><em>Cookies\u00a0<\/em>sociales: son aquellas necesarias para redes sociales externas.<\/li>&#13;\n<li><em>Cookie<\/em><em>s\u00a0<\/em>de afiliados: permiten hacer un seguimiento de las visitas procedentes de otras webs, con las que el sitio web establece un contrato de afiliaci\u00f3n (empresas de afiliaci\u00f3n).<\/li>&#13;\n<li><em>Cookie<\/em><em>s\u00a0<\/em>de publicidad y comportamentales: recogen informaci\u00f3n sobre las preferencias y elecciones personales del usuario (<em>retargeting<\/em>).<\/li>&#13;\n<li><em>Cookie<\/em><em>s\u00a0<\/em>t\u00e9cnicas y funcionales: son las estrictamente necesarias para el uso del sitio web y para la prestaci\u00f3n del servicio contratado.<\/li>&#13;\n<\/ul><p><strong><em>COOKIES\u00a0<\/em><\/strong><strong>QUE SE UTILIZAN EN ESTE SITIO WEB<\/strong><\/p>&#13;\n<p><strong>PHPSESSID<\/strong>:\u00a0<em>cookie\u00a0<\/em>t\u00e9cnica y estrictamente necesaria que contiene el identificador de la sesi\u00f3n. Se elimina al cerrar el navegador.<\/p>&#13;\n<p><strong>_lang<\/strong>:\u00a0<em>cookie\u00a0<\/em>t\u00e9cnica y estrictamente\u00a0 necesaria que contiene el idioma de la sesi\u00f3n. Se elimina al cerrar el navegador.<\/p>&#13;\n<p><strong>ac_cookies<\/strong>:\u00a0<em>cookie\u00a0<\/em>t\u00e9cnica y estrictamente necesaria que contiene el valor de si se ha aceptado la instalaci\u00f3n de cookies. Caduca en 1 a\u00f1o desde la \u00faltima actualizaci\u00f3n.<\/p>&#13;\n<p><strong>_ga<\/strong>:\u00a0<em>cookie\u00a0<\/em>de Google Analytics que habilita la funci\u00f3n de control de visitas \u00fanicas. La primera vez que un usuario entre en el sitio web a trav\u00e9s de un navegador se instalar\u00e1 esta\u00a0<em>cookie<\/em>. Cuando este usuario vuelva a entrar en la web con el mismo navegador, la\u00a0<em>cookie\u00a0<\/em>considerar\u00e1 que es el mismo usuario. Solo en el caso de que el usuario cambie de navegador, se considerar\u00e1 otro usuario. Caduca a los 2 a\u00f1os desde la \u00faltima actualizaci\u00f3n.<\/p>&#13;\n<p>_<strong>gat<\/strong>: Esta\u00a0<em>cookie\u00a0<\/em>se asocia con Google Analytics Universal. Se utiliza para limitar la velocidad de petici\u00f3n \u2013 la limitaci\u00f3n de la recogida de datos en los sitios de alto tr\u00e1fico. Caduca a los 10 minutos.<\/p>&#13;\n<p><strong>_utma<\/strong>:\u00a0<em>cookie de\u00a0<\/em>Google Analytics que registra la fecha de la primera y \u00faltima vez que el usuario visti\u00f3 el sitio web. Caduca a los 2 a\u00f1os desde la \u00faltima actualizaci\u00f3n.<\/p>&#13;\n<p><strong>_utm<\/strong><strong>b<\/strong>:\u00a0<em>cookie\u00a0<\/em>de Google Analytics que registra la hora de llegada a la p\u00e1gina web. Caduca a los 30 minutos desde la \u00faltima actualizaci\u00f3n.<\/p>&#13;\n<p><strong>_utmc<\/strong>:\u00a0<em>cookie\u00a0<\/em>de Google Analytics utilizada para la interoperabilidad con el c\u00f3digo de seguimiento urchin.js. Se elimina al cerrar el navegador.<\/p>&#13;\n<p>_<strong>utmt<\/strong>: cookie de Google Analytics. Esta\u00a0<em>cookie\u00a0<\/em>se utiliza para procesar el tipo de solicitud pedida por el usuario. Caduca al finalizar la sesi\u00f3n.<\/p>&#13;\n<p>_<strong>utmv<\/strong>: cookie de Google Analytics. Esta\u00a0<em>cookie\u00a0<\/em>se utiliza para segmentar datos demogr\u00e1ficos. \u00a0Caduca al finalizar la sesi\u00f3n.<\/p>&#13;\n<p><strong>_utmz<\/strong>:\u00a0<em>cookie\u00a0<\/em>de Google Analytics que almacena la fuente de tr\u00e1fico o una campa\u00f1a para explicar c\u00f3mo el usuario lleg\u00f3 al sitio web. Caduca a los 6 meses desde la \u00faltima actualizaci\u00f3n.<\/p>&#13;\n<p><strong><br\/>REVOCACI\u00d3N DEL CONSENTIMIENTO \u00a0PARA INSTALAR COOKIES COMO ELIMINAR LAS COOKIES DEL NAVEGADOR<\/strong><\/p>&#13;\n<p><strong>Chrome<\/strong><\/p>&#13;\n<ol><li>Selecciona el icono de Herramientas<\/li>&#13;\n<li>Haz clic en Configuraci\u00f3n.<\/li>&#13;\n<li>Haz clic en Mostrar Opciones Avanzadas.<\/li>&#13;\n<li>En la secci\u00f3n \u201cPrivacidad\u201d haz clic en Configuraci\u00f3n de contenido.<\/li>&#13;\n<\/ol><ul><li>Eliminar cookies: Haz clic en Todas las cookies y los datos de sitios\u2026<\/li>&#13;\n<li>No permitir que se almacenen cookies.<\/li>&#13;\n<\/ul><ol start=\"5\"><li>Haz clic en Eliminar datos de navegaci\u00f3n (vaciar la Cach\u00e9).<\/li>&#13;\n<li>Cierra y reinicia el navegador.<\/li>&#13;\n<\/ol><p>Para m\u00e1s informaci\u00f3n sobre Chrome pulse aqu\u00ed: \u00a0<a href=\"http:\/\/support.google.com\/chrome\/answer\/95647?hl=es\">http:\/\/support.google.com\/chrome\/answer\/95647?hl=es<\/a><\/p>&#13;\n<p><strong>Internet Explorer. Versi\u00f3n 11<\/strong><\/p>&#13;\n<ol><li>Selecciona Herramientas | Opciones de Internet.<\/li>&#13;\n<li>Haz clic en la ficha General.<\/li>&#13;\n<li>En la secci\u00f3n \u201cHistorial de exploraci\u00f3n\u201d, haz clic en Eliminar el historial de exploraci\u00f3n al salir.<\/li>&#13;\n<li>Seleccionar Eliminar archivos.<\/li>&#13;\n<li>Seleccionar Eliminar cookies.<\/li>&#13;\n<li>Haz clic en Eliminar.<\/li>&#13;\n<li>Haz clic en Aceptar.<\/li>&#13;\n<li>Cierra y reinicia el navegador.<\/li>&#13;\n<\/ol><p>Para m\u00e1s informaci\u00f3n sobre Internet Explorer pulse aqu\u00ed:\u00a0<a href=\"http:\/\/windows.microsoft.com\/es-419\/windows7\/how-to-manage-cookies-in-internet-explorer-9\">http:\/\/windows.microsoft.com\/es-419\/windows7\/how-to-manage-cookies-in-internet-explorer-9<\/a><\/p>&#13;\n<p><strong>Firefox. Versi\u00f3n 18<\/strong><\/p>&#13;\n<ol><li>Selecciona Firefox | Historial | Limpiar el historial reciente.<\/li>&#13;\n<li>Al lado de \u201cDetalles\u201d, haz clic en la flecha hacia abajo.<\/li>&#13;\n<li>Selecciona las siguientes casillas de verificaci\u00f3n: Cookies, Cach\u00e9, Inicios de sesi\u00f3n activos<\/li>&#13;\n<li>Usando el \u201cIntervalo de tiempo para borrar\u201d en el men\u00fa desplegable, selecciona Todo.<\/li>&#13;\n<li>Haz clic en Borrar ahora.<\/li>&#13;\n<li>Cierra y reinicia el navegador.<\/li>&#13;\n<\/ol><p>Puede aceptar o rechazar las cookies individualmente en las Preferencias de Firefox, en la secci\u00f3n Historial disponible en Herramientas &gt; Opciones &gt; Privacidad.<\/p>&#13;\n<p>Para m\u00e1s informaci\u00f3n sobre Mozilla Firefox pulse aqu\u00ed: \u00a0<a href=\"http:\/\/www.mozilla.org\/es-ES\/privacy\/websites\/#cookies\">https:\/\/www.mozilla.org\/es-ES\/privacy\/websites\/#cookies<\/a><\/p>&#13;\n<p><strong>Safari Versi\u00f3n 5.1<\/strong><\/p>&#13;\n<ol><li>Selecciona el icono de Safari \/ Editar | Restaurar Safari.<\/li>&#13;\n<li>Selecciona las siguientes casillas de verificaci\u00f3n: Borrar el historial, Eliminar todos los datos de sitio web<\/li>&#13;\n<li>Haz clic en Restablecer.<\/li>&#13;\n<li>Cierra y reinicia el navegador.<\/li>&#13;\n<\/ol><p>Para m\u00e1s informaci\u00f3n sobre Safari pulse aqu\u00ed: \u00a0<a href=\"http:\/\/support.apple.com\/kb\/PH5042\">http:\/\/support.apple.com\/kb\/PH5042<\/a><\/p>&#13;\n<p><strong>Opera<\/strong><\/p>&#13;\n<p>Opciones \u2013 Avanzado \u2013 Cookies.<\/p>&#13;\n<p>Las opciones de cookies controlan el modo en que Opera los maneja y por lo tanto su aceptaci\u00f3n o rechazo.<\/p>&#13;\n<p>Para m\u00e1s informaci\u00f3n sobre \u00d3pera pulse aqu\u00ed: \u00a0<a href=\"http:\/\/help.opera.com\/Linux\/10.60\/es-ES\/cookies.html\">http:\/\/help.opera.com\/Linux\/10.60\/es-ES\/cookies.html<\/a><\/p>&#13;\n<p><strong><br\/>Otros navegadores<\/strong><\/p>&#13;\n<p>Consulte la documentaci\u00f3n del navegador que tenga instalado.<\/p>&#13;\n","protected":false},"excerpt":{"rendered":"<p>&#13; Pol\u00edtica de Cookies &#13; INFORMACI\u00d3N SOBRE\u00a0COOKIES &#13; Debido a la entrada en vigor de la referente modificaci\u00f3n de la \u201cLey de Servicios de la Sociedad de la Informaci\u00f3n\u201d (LSSICE) establecida por el Real Decreto 13\/2012, es de obligaci\u00f3n obtener el consentimiento \u00a0expreso del usuario de todas las p\u00e1ginas web que usan\u00a0cookies\u00a0prescindibles, antes de que [&hellip;]<\/p>\n","protected":false},"author":2,"featured_media":0,"parent":0,"menu_order":0,"comment_status":"closed","ping_status":"closed","template":"","meta":{"footnotes":""},"_links":{"self":[{"href":"https:\/\/shop.qualo.info\/en\/wp-json\/wp\/v2\/pages\/294"}],"collection":[{"href":"https:\/\/shop.qualo.info\/en\/wp-json\/wp\/v2\/pages"}],"about":[{"href":"https:\/\/shop.qualo.info\/en\/wp-json\/wp\/v2\/types\/page"}],"author":[{"embeddable":true,"href":"https:\/\/shop.qualo.info\/en\/wp-json\/wp\/v2\/users\/2"}],"replies":[{"embeddable":true,"href":"https:\/\/shop.qualo.info\/en\/wp-json\/wp\/v2\/comments?post=294"}],"version-history":[{"count":1,"href":"https:\/\/shop.qualo.info\/en\/wp-json\/wp\/v2\/pages\/294\/revisions"}],"predecessor-version":[{"id":295,"href":"https:\/\/shop.qualo.info\/en\/wp-json\/wp\/v2\/pages\/294\/revisions\/295"}],"wp:attachment":[{"href":"https:\/\/shop.qualo.info\/en\/wp-json\/wp\/v2\/media?parent=294"}],"curies":[{"name":"wp","href":"https:\/\/api.w.org\/{rel}","templated":true}]}}